{"id":1003,"date":"2014-07-17T09:37:26","date_gmt":"2014-07-17T09:37:26","guid":{"rendered":"http:\/\/cifordom.net\/?page_id=1003"},"modified":"2014-07-21T15:23:01","modified_gmt":"2014-07-21T15:23:01","slug":"festival-fetkann","status":"publish","type":"page","link":"http:\/\/cifordom.net\/en\/festival-fetkann\/","title":{"rendered":"Festival FETKANN!"},"content":{"rendered":"<div id=\"post-69\">\n<h3>Le Festival FETKANN! est un marronnage Culturel cr\u00e9e \u00e0 l&#8217;occasion du cent cinquantenaire de l&#8217;abolition de l&#8217;esclavage.<\/h3>\n<p>Il pr\u00e9sente trois types d&#8217;animations : Caf\u00e9-d\u00e9bats,\u00a0 Foires culturelles, Concerts.<\/p>\n<p>Il a pour vocation de traiter et de d\u00e9battre\u00a0 des questions suivantes :<\/p>\n<p><img loading=\"lazy\" class=\"alignleft img-responsive\" alt=\"Fetival Fetkann!\" src=\"http:\/\/cifordom.net\/images\/festival-fetkann.jpg\" width=\"185\" height=\"272\" \/><\/p>\n<p>&nbsp;<\/p>\n<ul>\n<li>Histoire, M\u00e9moire et citoyennet\u00e9<\/li>\n<li>Economie et \u00e9changes ici et l\u00e0-bas<\/li>\n<li>Vie associative, artisanat et cr\u00e9ation d&#8217;entreprise<\/li>\n<li>Promotion culturelle : litt\u00e9rature, contes, musique, gastronomie, partage des cultures et saveurs<\/li>\n<\/ul>\n<p>&nbsp;<\/p>\n<p>&nbsp;<\/p>\n<p>&nbsp;<\/p>\n<p>&nbsp;<\/p>\n<p><img loading=\"lazy\" class=\"alignnone img-responsive\" alt=\"L'encyclop\u00e9die des h\u00e9ros, L'encyclop\u00e9die des rebelles, L'encyclop\u00e9die des cancres,\" src=\"http:\/\/cifordom.net\/images\/encyclopedie-des.jpg\" width=\"100%\" height=\"auto\" \/><\/p>\n<\/div>\n","protected":false},"excerpt":{"rendered":"<p>Le Festival FETKANN! est un marronnage Culturel cr\u00e9e \u00e0 l&#8217;occasion du cent cinquantenaire de l&#8217;abolition de l&#8217;esclavage. Il pr\u00e9sente trois types d&#8217;animations : Caf\u00e9-d\u00e9bats,\u00a0 Foires culturelles, Concerts. Il a pour vocation de traiter et de d\u00e9battre\u00a0 des questions suivantes : &nbsp; Histoire, M\u00e9moire et citoyennet\u00e9 Economie et \u00e9changes ici et l\u00e0-bas Vie associative, artisanat et [&hellip;]<\/p>\n","protected":false},"author":1,"featured_media":0,"parent":0,"menu_order":0,"comment_status":"open","ping_status":"open","template":"","meta":[],"yoast_head":"<!-- This site is optimized with the Yoast SEO plugin v17.7.1 - https:\/\/yoast.com\/wordpress\/plugins\/seo\/ -->\n<meta name=\"robots\" content=\"index, follow, max-snippet:-1, max-image-preview:large, max-video-preview:-1\" \/>\n<link rel=\"canonical\" href=\"http:\/\/cifordom.net\/en\/festival-fetkann\/\" \/>\n<meta property=\"og:locale\" content=\"en_US\" \/>\n<meta property=\"og:type\" content=\"article\" \/>\n<meta property=\"og:title\" content=\"Festival FETKANN! -\" \/>\n<meta property=\"og:description\" content=\"Le Festival FETKANN! est un marronnage Culturel cr\u00e9e \u00e0 l&#8217;occasion du cent cinquantenaire de l&#8217;abolition de l&#8217;esclavage. Il pr\u00e9sente trois types d&#8217;animations : Caf\u00e9-d\u00e9bats,\u00a0 Foires culturelles, Concerts. Il a pour vocation de traiter et de d\u00e9battre\u00a0 des questions suivantes : &nbsp; Histoire, M\u00e9moire et citoyennet\u00e9 Economie et \u00e9changes ici et l\u00e0-bas Vie associative, artisanat et [&hellip;]\" \/>\n<meta property=\"og:url\" content=\"http:\/\/cifordom.net\/en\/festival-fetkann\/\" \/>\n<meta property=\"article:modified_time\" content=\"2014-07-21T15:23:01+00:00\" \/>\n<meta property=\"og:image\" content=\"http:\/\/cifordom.net\/images\/festival-fetkann.jpg\" \/>\n<meta name=\"twitter:card\" content=\"summary_large_image\" \/>\n<script type=\"application\/ld+json\" class=\"yoast-schema-graph\">{\"@context\":\"https:\/\/schema.org\",\"@graph\":[{\"@type\":\"WebSite\",\"@id\":\"https:\/\/cifordom.net\/en\/#website\",\"url\":\"https:\/\/cifordom.net\/en\/\",\"name\":\"\",\"description\":\"\",\"potentialAction\":[{\"@type\":\"SearchAction\",\"target\":{\"@type\":\"EntryPoint\",\"urlTemplate\":\"https:\/\/cifordom.net\/en\/?s={search_term_string}\"},\"query-input\":\"required name=search_term_string\"}],\"inLanguage\":\"en-US\"},{\"@type\":\"ImageObject\",\"@id\":\"http:\/\/cifordom.net\/en\/festival-fetkann\/#primaryimage\",\"inLanguage\":\"en-US\",\"url\":\"http:\/\/cifordom.net\/images\/festival-fetkann.jpg\",\"contentUrl\":\"http:\/\/cifordom.net\/images\/festival-fetkann.jpg\"},{\"@type\":\"WebPage\",\"@id\":\"http:\/\/cifordom.net\/en\/festival-fetkann\/#webpage\",\"url\":\"http:\/\/cifordom.net\/en\/festival-fetkann\/\",\"name\":\"Festival FETKANN! -\",\"isPartOf\":{\"@id\":\"https:\/\/cifordom.net\/en\/#website\"},\"primaryImageOfPage\":{\"@id\":\"http:\/\/cifordom.net\/en\/festival-fetkann\/#primaryimage\"},\"datePublished\":\"2014-07-17T09:37:26+00:00\",\"dateModified\":\"2014-07-21T15:23:01+00:00\",\"breadcrumb\":{\"@id\":\"http:\/\/cifordom.net\/en\/festival-fetkann\/#breadcrumb\"},\"inLanguage\":\"en-US\",\"potentialAction\":[{\"@type\":\"ReadAction\",\"target\":[\"http:\/\/cifordom.net\/en\/festival-fetkann\/\"]}]},{\"@type\":\"BreadcrumbList\",\"@id\":\"http:\/\/cifordom.net\/en\/festival-fetkann\/#breadcrumb\",\"itemListElement\":[{\"@type\":\"ListItem\",\"position\":1,\"name\":\"Festival FETKANN!\"}]}]}<\/script>\n<!-- \/ Yoast SEO plugin. -->","yoast_head_json":{"robots":{"index":"index","follow":"follow","max-snippet":"max-snippet:-1","max-image-preview":"max-image-preview:large","max-video-preview":"max-video-preview:-1"},"canonical":"http:\/\/cifordom.net\/en\/festival-fetkann\/","og_locale":"en_US","og_type":"article","og_title":"Festival FETKANN! -","og_description":"Le Festival FETKANN! est un marronnage Culturel cr\u00e9e \u00e0 l&#8217;occasion du cent cinquantenaire de l&#8217;abolition de l&#8217;esclavage. Il pr\u00e9sente trois types d&#8217;animations : Caf\u00e9-d\u00e9bats,\u00a0 Foires culturelles, Concerts. Il a pour vocation de traiter et de d\u00e9battre\u00a0 des questions suivantes : &nbsp; Histoire, M\u00e9moire et citoyennet\u00e9 Economie et \u00e9changes ici et l\u00e0-bas Vie associative, artisanat et [&hellip;]","og_url":"http:\/\/cifordom.net\/en\/festival-fetkann\/","article_modified_time":"2014-07-21T15:23:01+00:00","og_image":[{"url":"http:\/\/cifordom.net\/images\/festival-fetkann.jpg"}],"twitter_card":"summary_large_image","schema":{"@context":"https:\/\/schema.org","@graph":[{"@type":"WebSite","@id":"https:\/\/cifordom.net\/en\/#website","url":"https:\/\/cifordom.net\/en\/","name":"","description":"","potentialAction":[{"@type":"SearchAction","target":{"@type":"EntryPoint","urlTemplate":"https:\/\/cifordom.net\/en\/?s={search_term_string}"},"query-input":"required name=search_term_string"}],"inLanguage":"en-US"},{"@type":"ImageObject","@id":"http:\/\/cifordom.net\/en\/festival-fetkann\/#primaryimage","inLanguage":"en-US","url":"http:\/\/cifordom.net\/images\/festival-fetkann.jpg","contentUrl":"http:\/\/cifordom.net\/images\/festival-fetkann.jpg"},{"@type":"WebPage","@id":"http:\/\/cifordom.net\/en\/festival-fetkann\/#webpage","url":"http:\/\/cifordom.net\/en\/festival-fetkann\/","name":"Festival FETKANN! -","isPartOf":{"@id":"https:\/\/cifordom.net\/en\/#website"},"primaryImageOfPage":{"@id":"http:\/\/cifordom.net\/en\/festival-fetkann\/#primaryimage"},"datePublished":"2014-07-17T09:37:26+00:00","dateModified":"2014-07-21T15:23:01+00:00","breadcrumb":{"@id":"http:\/\/cifordom.net\/en\/festival-fetkann\/#breadcrumb"},"inLanguage":"en-US","potentialAction":[{"@type":"ReadAction","target":["http:\/\/cifordom.net\/en\/festival-fetkann\/"]}]},{"@type":"BreadcrumbList","@id":"http:\/\/cifordom.net\/en\/festival-fetkann\/#breadcrumb","itemListElement":[{"@type":"ListItem","position":1,"name":"Festival FETKANN!"}]}]}},"_links":{"self":[{"href":"http:\/\/cifordom.net\/en\/wp-json\/wp\/v2\/pages\/1003"}],"collection":[{"href":"http:\/\/cifordom.net\/en\/wp-json\/wp\/v2\/pages"}],"about":[{"href":"http:\/\/cifordom.net\/en\/wp-json\/wp\/v2\/types\/page"}],"author":[{"embeddable":true,"href":"http:\/\/cifordom.net\/en\/wp-json\/wp\/v2\/users\/1"}],"replies":[{"embeddable":true,"href":"http:\/\/cifordom.net\/en\/wp-json\/wp\/v2\/comments?post=1003"}],"version-history":[{"count":6,"href":"http:\/\/cifordom.net\/en\/wp-json\/wp\/v2\/pages\/1003\/revisions"}],"predecessor-version":[{"id":1020,"href":"http:\/\/cifordom.net\/en\/wp-json\/wp\/v2\/pages\/1003\/revisions\/1020"}],"wp:attachment":[{"href":"http:\/\/cifordom.net\/en\/wp-json\/wp\/v2\/media?parent=1003"}],"curies":[{"name":"wp","href":"https:\/\/api.w.org\/{rel}","templated":true}]}}